{"id":80,"date":"2025-09-01T22:32:26","date_gmt":"2025-09-01T22:32:26","guid":{"rendered":"https:\/\/congresos.ujat.mx\/foromatematicas\/?page_id=80"},"modified":"2025-09-01T22:32:26","modified_gmt":"2025-09-01T22:32:26","slug":"ponentes-invitados","status":"publish","type":"page","link":"https:\/\/congresos.ujat.mx\/foromatematicas\/ponentes-invitados\/","title":{"rendered":"Ponentes invitados:"},"content":{"rendered":"\n<ul class=\"wp-block-list\">\n<li><strong>Dra. Irma Delia Garc\u00eda Calvillo<\/strong> \u2013 Universidad Aut\u00f3noma de Coahuila.<\/li>\n\n\n\n<li><strong>Dr. Ernesto P\u00e9rez Chavela<\/strong> \u2013 Instituto Tecnol\u00f3gico Aut\u00f3nomo de M\u00e9xico.<\/li>\n\n\n\n<li><strong>Dr. Manuel Falconi Maga\u00f1a<\/strong> \u2013 Facultad de Ciencias, UNAM.<\/li>\n\n\n\n<li><strong>Dra. Isabel Cristina Garc\u00eda Arboleda<\/strong> \u2013 Pontificia Universidad Javeriana Cali, Colombia.<\/li>\n\n\n\n<li><strong>Dr. Mario S\u00e1nchez Aguilar<\/strong> \u2013 CICATA-IPN, Unidad Legaria.<\/li>\n\n\n\n<li><strong>Dr. Miguel \u00c1ngel de la Rosa Castillo<\/strong> \u2013 SECIHTI-DACB-Universidad Ju\u00e1rez Aut\u00f3noma de Tabasco.<\/li>\n\n\n\n<li><strong>Dr. V\u00edctor Hugo Mu\u00f1iz S\u00e1nchez<\/strong> \u2013 Centro de Investigaci\u00f3n en Matem\u00e1ticas, Unidad Monterrey.<\/li>\n\n\n\n<li><strong>Dr. Aubin Arroyo<\/strong> \u2013 Instituto de Matem\u00e1ticas, UNAM, Unidad Cuernavaca.<\/li>\n\n\n\n<li><strong>Dra. Mar\u00eda Esther Magali M\u00e9ndez Guevara<\/strong> \u2013 Universidad Aut\u00f3noma de Guerrero.<\/li>\n\n\n\n<li><strong>Dr. Ignacio Luengo Velasco<\/strong>\u2013 Universidad Complutense de Madrid, Espa\u00f1a.<\/li>\n\n\n\n<li><strong>Dr. Marco Antonio P\u00e9rez de la Rosa <\/strong>\u2013 Universidad de las Am\u00e9ricas Puebla.<\/li>\n\n\n\n<li><strong>Dra. Maria De Los Angeles Japon Pineda <\/strong>\u2013 Universidad de Sevilla, Espa\u00f1a.<\/li>\n<\/ul>\n","protected":false},"excerpt":{"rendered":"","protected":false},"author":1,"featured_media":0,"parent":0,"menu_order":0,"comment_status":"closed","ping_status":"closed","template":"","meta":{"footnotes":""},"class_list":["post-80","page","type-page","status-publish","hentry"],"_links":{"self":[{"href":"https:\/\/congresos.ujat.mx\/foromatematicas\/wp-json\/wp\/v2\/pages\/80","targetHints":{"allow":["GET"]}}],"collection":[{"href":"https:\/\/congresos.ujat.mx\/foromatematicas\/wp-json\/wp\/v2\/pages"}],"about":[{"href":"https:\/\/congresos.ujat.mx\/foromatematicas\/wp-json\/wp\/v2\/types\/page"}],"author":[{"embeddable":true,"href":"https:\/\/congresos.ujat.mx\/foromatematicas\/wp-json\/wp\/v2\/users\/1"}],"replies":[{"embeddable":true,"href":"https:\/\/congresos.ujat.mx\/foromatematicas\/wp-json\/wp\/v2\/comments?post=80"}],"version-history":[{"count":1,"href":"https:\/\/congresos.ujat.mx\/foromatematicas\/wp-json\/wp\/v2\/pages\/80\/revisions"}],"predecessor-version":[{"id":81,"href":"https:\/\/congresos.ujat.mx\/foromatematicas\/wp-json\/wp\/v2\/pages\/80\/revisions\/81"}],"wp:attachment":[{"href":"https:\/\/congresos.ujat.mx\/foromatematicas\/wp-json\/wp\/v2\/media?parent=80"}],"curies":[{"name":"wp","href":"https:\/\/api.w.org\/{rel}","templated":true}]}}