{"id":6,"date":"2025-09-01T19:16:22","date_gmt":"2025-09-01T19:16:22","guid":{"rendered":"https:\/\/congresos.ujat.mx\/foromatematicas\/?page_id=6"},"modified":"2025-09-03T20:20:47","modified_gmt":"2025-09-03T20:20:47","slug":"crea-tu-web-con-bloques","status":"publish","type":"page","link":"https:\/\/congresos.ujat.mx\/foromatematicas\/","title":{"rendered":""},"content":{"rendered":"\n<div class=\"wp-block-columns alignwide are-vertically-aligned-top is-layout-flex wp-container-core-columns-is-layout-28f84493 wp-block-columns-is-layout-flex\">\n<div class=\"wp-block-column is-vertically-aligned-top is-layout-flow wp-block-column-is-layout-flow\">\n<figure class=\"wp-block-image size-full\"><img loading=\"lazy\" decoding=\"async\" width=\"918\" height=\"418\" src=\"https:\/\/congresos.ujat.mx\/foromatematicas\/wp-content\/uploads\/2025\/09\/DACB.png\" alt=\"\" class=\"wp-image-11\" srcset=\"https:\/\/congresos.ujat.mx\/foromatematicas\/wp-content\/uploads\/2025\/09\/DACB.png 918w, https:\/\/congresos.ujat.mx\/foromatematicas\/wp-content\/uploads\/2025\/09\/DACB-300x137.png 300w, https:\/\/congresos.ujat.mx\/foromatematicas\/wp-content\/uploads\/2025\/09\/DACB-768x350.png 768w\" sizes=\"auto, (max-width: 918px) 100vw, 918px\" \/><\/figure>\n<\/div>\n\n\n\n<div class=\"wp-block-column is-vertically-aligned-top is-layout-flow wp-block-column-is-layout-flow\">\n<figure class=\"wp-block-image size-large\"><img loading=\"lazy\" decoding=\"async\" width=\"1024\" height=\"453\" src=\"https:\/\/congresos.ujat.mx\/foromatematicas\/wp-content\/uploads\/2025\/09\/Logo-1-negro-1024x453.png\" alt=\"\" class=\"wp-image-60\" srcset=\"https:\/\/congresos.ujat.mx\/foromatematicas\/wp-content\/uploads\/2025\/09\/Logo-1-negro-1024x453.png 1024w, https:\/\/congresos.ujat.mx\/foromatematicas\/wp-content\/uploads\/2025\/09\/Logo-1-negro-300x133.png 300w, https:\/\/congresos.ujat.mx\/foromatematicas\/wp-content\/uploads\/2025\/09\/Logo-1-negro-768x340.png 768w, https:\/\/congresos.ujat.mx\/foromatematicas\/wp-content\/uploads\/2025\/09\/Logo-1-negro-1536x679.png 1536w, https:\/\/congresos.ujat.mx\/foromatematicas\/wp-content\/uploads\/2025\/09\/Logo-1-negro-1568x694.png 1568w, https:\/\/congresos.ujat.mx\/foromatematicas\/wp-content\/uploads\/2025\/09\/Logo-1-negro.png 1646w\" sizes=\"auto, (max-width: 1024px) 100vw, 1024px\" \/><\/figure>\n<\/div>\n<\/div>\n\n\n\n<div class=\"wp-block-columns alignwide are-vertically-aligned-center is-style-twentytwentyone-columns-overlap is-layout-flex wp-container-core-columns-is-layout-28f84493 wp-block-columns-is-layout-flex\">\n<div class=\"wp-block-column is-vertically-aligned-center is-layout-flow wp-block-column-is-layout-flow\">\n<p><strong>La Academia de Matem\u00e1ticas de la Divisi\u00f3n Acad\u00e9mica de Ciencias B\u00e1sicas de la Universidad Ju\u00e1rez Aut\u00f3noma de Tabasco, se complace en invitarles al XVIII FORO DE MATEM\u00c1TICAS DEL SURESTE &#8211; II SIMPOSIO INTERNACIONAL DE MATEM\u00c1TICAS<\/strong>, el cual se realizar\u00e1 en forma h\u00edbrida del 22 al 26 de septiembre de 2025, en las instalaciones de esta Divisi\u00f3n Acad\u00e9mica, en Cunduac\u00e1n,Tabasco.<\/p>\n\n\n\n<p>Este evento cient\u00edfico-acad\u00e9mico contar\u00e1 con especialistas nacionales e internacionales del \u00e1rea de Matem\u00e1ticas y ofrecer\u00e1 a investigadores, profesores y estudiantes, un espacio de reflexi\u00f3n y an\u00e1lisis con la finalidad de dar a conocer sus resultados, compartir experiencias e intercambiar informaci\u00f3n en el \u00e1mbito de las matem\u00e1ticas.<\/p>\n\n\n\n<p>El evento incluir\u00e1 conferencias plenarias y cursos. Se tendr\u00e1n tambi\u00e9n conferencias y carteles por solicitud, para los cuales habr\u00e1 una cantidad limitada en la modalidad virtual (en esta modalidad se dar\u00e1 preferencia a ponentes que radiquen fuera del estado de Tabasco).<\/p>\n\n\n\n<p>Se impartir\u00e1 de forma presencial un <em>taller de Problemas tipo Olimpiada de Matem\u00e1ticas<\/em>, dirigido a docentes de educaci\u00f3n media superior, y <em>talleres de divulgaci\u00f3n de Matem\u00e1ticas <\/em>dirigidos a ni\u00f1os de educaci\u00f3n b\u00e1sica.<\/p>\n<\/div>\n<\/div>\n\n\n\n<div class=\"wp-block-columns alignwide are-vertically-aligned-top is-layout-flex wp-container-core-columns-is-layout-28f84493 wp-block-columns-is-layout-flex\">\n<div class=\"wp-block-column is-vertically-aligned-top is-layout-flow wp-block-column-is-layout-flow\">\n<h3 class=\"wp-block-heading\">Concurso de carteles<\/h3>\n\n\n\n<p>Se llevar\u00e1 a cabo un concurso de carteles, el cual ser\u00e1 evaluado por organizadores del evento e invitados. Se entregar\u00e1n reconocimientos a los mejores carteles. Consultar las bases.<\/p>\n\n\n\n<p><strong>Fechas importantes para participar en el evento<\/strong><\/p>\n\n\n\n<ul class=\"wp-block-list\">\n<li>Fecha l\u00edmite para la recepci\u00f3n de res\u00famenes de ponencias y carteles: 25 de julio de 2025.<\/li>\n\n\n\n<li>Fecha de publicaci\u00f3n de resultados: 8 de agosto de 2025.<\/li>\n\n\n\n<li>Fecha l\u00edmite para registrarse como asistente: 19 de septiembre de 2025. <strong>Datos de contacto:<\/strong> Correo Electr\u00f3nico: forodematematicasdelsureste@gmail.com<br>Tel\u00e9fono: (993) 358 15 00 ext. 6702 (horario de atenci\u00f3n: lunes a viernes de 9:00 a.m. a 3:00 p.m).<\/li>\n<\/ul>\n<\/div>\n\n\n\n<div class=\"wp-block-column is-vertically-aligned-top is-layout-flow wp-block-column-is-layout-flow\">\n<h3 class=\"wp-block-heading\"><strong>Constancias de participaci\u00f3n<\/strong><\/h3>\n\n\n\n<p><strong>IMPORTANTE: <\/strong>Para participar como asistente y\/o ponente de conferencia o cartel en el evento, el interesado deber\u00e1 realizar su registro en <a href=\"https:\/\/registrofms.ommtabasco.org\/registro\/\"><em>https:\/\/registrofms.ommtabasco.org\/registro\/<\/em><\/a>, en el cual se le proporcionar\u00e1 un folio de registro. El registro es gratuito, sin embargo es necesario cubrir la cuota de<\/p>\n\n\n\n<p>Para la obtenci\u00f3n de la constancia de asistencia, el interesado debe proporcionar su folio de registro al momento del pase de lista que se realizar\u00e1 en las conferencias plenarias y cursos.<\/p>\n\n\n\n<p>A los ponentes se les otorgar\u00e1 una constancia por el trabajo presentado con los nombres del autor y coautores.<\/p>\n\n\n\n<p>Las constancias ser\u00e1n enviadas por correo electr\u00f3nico a la direcci\u00f3n de e-mail proporcionada por las y los participantes en el sistema de registro, aproximadamente 15 d\u00edas despu\u00e9s del evento.<\/p>\n<\/div>\n<\/div>\n\n\n\n<div class=\"wp-block-columns alignwide are-vertically-aligned-center is-style-twentytwentyone-columns-overlap is-layout-flex wp-container-core-columns-is-layout-28f84493 wp-block-columns-is-layout-flex\">\n<div class=\"wp-block-column is-vertically-aligned-center is-layout-flow wp-block-column-is-layout-flow\"><\/div>\n<\/div>\n\n\n\n<div style=\"height:100px\" aria-hidden=\"true\" class=\"wp-block-spacer\"><\/div>\n\n\n\n<div class=\"wp-block-columns alignwide are-vertically-aligned-top is-layout-flex wp-container-core-columns-is-layout-28f84493 wp-block-columns-is-layout-flex\">\n<div class=\"wp-block-column is-vertically-aligned-top is-layout-flow wp-block-column-is-layout-flow\">\n<h2 class=\"wp-block-heading\">\u00bfC\u00f3mo llegar a la Divisi\u00f3n Acad\u00e9mica de Ciencias B\u00e1sicas?<\/h2>\n\n\n\n<p><\/p>\n\n\n\n<p><\/p>\n<\/div>\n\n\n\n<div class=\"wp-block-column is-vertically-aligned-top is-layout-flow wp-block-column-is-layout-flow\">\n<iframe src=\"https:\/\/www.google.com\/maps\/embed?pb=!1m18!1m12!1m3!1d3792.9166257489105!2d-93.17322721392881!3d18.075414038930173!2m3!1f0!2f0!3f0!3m2!1i1024!2i768!4f13.1!3m3!1m2!1s0x85ee81774ce362e7%3A0xa8d1474ba586911c!2sUJAT%20Divisi%C3%B3n%20Acad%C3%A9mica%20de%20Ciencias%20Basicas%20(DACB)!5e0!3m2!1ses-419!2smx!4v1756757199201!5m2!1ses-419!2smx\" width=\"900\" height=\"550\" style=\"border:0;\" allowfullscreen=\"\" loading=\"lazy\" referrerpolicy=\"no-referrer-when-downgrade\"><\/iframe>\n\n\n\n<h3 class=\"wp-block-heading\"><\/h3>\n<\/div>\n<\/div>\n\n\n\n<h2 class=\"wp-block-heading\"><\/h2>\n","protected":false},"excerpt":{"rendered":"<p>La Academia de Matem\u00e1ticas de la Divisi\u00f3n Acad\u00e9mica de Ciencias B\u00e1sicas de la Universidad Ju\u00e1rez Aut\u00f3noma de Tabasco, se complace en invitarles al XVIII FORO DE MATEM\u00c1TICAS DEL SURESTE &#8211; II SIMPOSIO INTERNACIONAL DE MATEM\u00c1TICAS, el cual se realizar\u00e1 en forma h\u00edbrida del 22 al 26 de septiembre de 2025, en las instalaciones de esta [&hellip;]<\/p>\n","protected":false},"author":1,"featured_media":0,"parent":0,"menu_order":0,"comment_status":"closed","ping_status":"closed","template":"","meta":{"footnotes":""},"class_list":["post-6","page","type-page","status-publish","hentry"],"_links":{"self":[{"href":"https:\/\/congresos.ujat.mx\/foromatematicas\/wp-json\/wp\/v2\/pages\/6","targetHints":{"allow":["GET"]}}],"collection":[{"href":"https:\/\/congresos.ujat.mx\/foromatematicas\/wp-json\/wp\/v2\/pages"}],"about":[{"href":"https:\/\/congresos.ujat.mx\/foromatematicas\/wp-json\/wp\/v2\/types\/page"}],"author":[{"embeddable":true,"href":"https:\/\/congresos.ujat.mx\/foromatematicas\/wp-json\/wp\/v2\/users\/1"}],"replies":[{"embeddable":true,"href":"https:\/\/congresos.ujat.mx\/foromatematicas\/wp-json\/wp\/v2\/comments?post=6"}],"version-history":[{"count":33,"href":"https:\/\/congresos.ujat.mx\/foromatematicas\/wp-json\/wp\/v2\/pages\/6\/revisions"}],"predecessor-version":[{"id":99,"href":"https:\/\/congresos.ujat.mx\/foromatematicas\/wp-json\/wp\/v2\/pages\/6\/revisions\/99"}],"wp:attachment":[{"href":"https:\/\/congresos.ujat.mx\/foromatematicas\/wp-json\/wp\/v2\/media?parent=6"}],"curies":[{"name":"wp","href":"https:\/\/api.w.org\/{rel}","templated":true}]}}