{"id":2,"date":"2025-09-01T18:41:32","date_gmt":"2025-09-01T18:41:32","guid":{"rendered":"https:\/\/congresos.ujat.mx\/foroanfeca\/?page_id=2"},"modified":"2026-02-26T21:00:59","modified_gmt":"2026-02-26T21:00:59","slug":"pagina-ejemplo","status":"publish","type":"page","link":"https:\/\/congresos.ujat.mx\/foroanfeca\/","title":{"rendered":"Bienvenida"},"content":{"rendered":"\n<div class=\"wp-block-columns alignwide are-vertically-aligned-top is-layout-flex wp-container-core-columns-is-layout-28f84493 wp-block-columns-is-layout-flex\">\n<div class=\"wp-block-column is-vertically-aligned-top is-layout-flow wp-block-column-is-layout-flow\">\n<div class=\"wp-block-columns is-layout-flex wp-container-core-columns-is-layout-28f84493 wp-block-columns-is-layout-flex\">\n<div class=\"wp-block-column is-layout-flow wp-block-column-is-layout-flow\">\n<figure class=\"wp-block-image aligncenter size-full\"><img loading=\"lazy\" decoding=\"async\" width=\"295\" height=\"170\" src=\"https:\/\/congresos.ujat.mx\/foroanfeca\/wp-content\/uploads\/2025\/09\/anfecav2.png\" alt=\"\" class=\"wp-image-46\"\/><\/figure>\n<\/div>\n\n\n\n<div class=\"wp-block-column is-layout-flow wp-block-column-is-layout-flow\">\n<figure class=\"wp-block-image size-full wp-duotone-grayscale\"><img loading=\"lazy\" decoding=\"async\" width=\"919\" height=\"418\" src=\"https:\/\/congresos.ujat.mx\/foroanfeca\/wp-content\/uploads\/2025\/09\/DACEA.png\" alt=\"\" class=\"wp-image-8\" srcset=\"https:\/\/congresos.ujat.mx\/foroanfeca\/wp-content\/uploads\/2025\/09\/DACEA.png 919w, https:\/\/congresos.ujat.mx\/foroanfeca\/wp-content\/uploads\/2025\/09\/DACEA-300x136.png 300w, https:\/\/congresos.ujat.mx\/foroanfeca\/wp-content\/uploads\/2025\/09\/DACEA-768x349.png 768w\" sizes=\"auto, (max-width: 919px) 100vw, 919px\" \/><\/figure>\n<\/div>\n\n\n\n<div class=\"wp-block-column is-layout-flow wp-block-column-is-layout-flow\">\n<figure class=\"wp-block-image size-full\"><img loading=\"lazy\" decoding=\"async\" width=\"1024\" height=\"453\" src=\"https:\/\/congresos.ujat.mx\/foroanfeca\/wp-content\/uploads\/2025\/09\/Logo-1-negro-1024x453-1.png\" alt=\"\" class=\"wp-image-47\" srcset=\"https:\/\/congresos.ujat.mx\/foroanfeca\/wp-content\/uploads\/2025\/09\/Logo-1-negro-1024x453-1.png 1024w, https:\/\/congresos.ujat.mx\/foroanfeca\/wp-content\/uploads\/2025\/09\/Logo-1-negro-1024x453-1-300x133.png 300w, https:\/\/congresos.ujat.mx\/foroanfeca\/wp-content\/uploads\/2025\/09\/Logo-1-negro-1024x453-1-768x340.png 768w\" sizes=\"auto, (max-width: 1024px) 100vw, 1024px\" \/><\/figure>\n<\/div>\n<\/div>\n\n\n\n<h2 class=\"wp-block-heading\"><em>La Asociaci\u00f3n Nacional de Facultades y Escuelas de Contadur\u00eda y Administraci\u00f3n, A.C. a trav\u00e9s de la Coordinaci\u00f3n Nacional de la Academia ANFECA.<\/em><\/h2>\n<\/div>\n<\/div>\n\n\n\n<figure class=\"wp-block-image size-full\"><img loading=\"lazy\" decoding=\"async\" width=\"1100\" height=\"1700\" src=\"https:\/\/congresos.ujat.mx\/foroanfeca\/wp-content\/uploads\/2026\/02\/CARTEL-ANFECA-2026.jpg\" alt=\"\" class=\"wp-image-65\" srcset=\"https:\/\/congresos.ujat.mx\/foroanfeca\/wp-content\/uploads\/2026\/02\/CARTEL-ANFECA-2026.jpg 1100w, https:\/\/congresos.ujat.mx\/foroanfeca\/wp-content\/uploads\/2026\/02\/CARTEL-ANFECA-2026-194x300.jpg 194w, https:\/\/congresos.ujat.mx\/foroanfeca\/wp-content\/uploads\/2026\/02\/CARTEL-ANFECA-2026-663x1024.jpg 663w, https:\/\/congresos.ujat.mx\/foroanfeca\/wp-content\/uploads\/2026\/02\/CARTEL-ANFECA-2026-768x1187.jpg 768w, https:\/\/congresos.ujat.mx\/foroanfeca\/wp-content\/uploads\/2026\/02\/CARTEL-ANFECA-2026-994x1536.jpg 994w\" sizes=\"auto, (max-width: 1100px) 100vw, 1100px\" \/><\/figure>\n\n\n\n<div data-wp-interactive=\"core\/file\" class=\"wp-block-file\"><object data-wp-bind--hidden=\"!state.hasPdfPreview\" hidden class=\"wp-block-file__embed\" data=\"https:\/\/congresos.ujat.mx\/foroanfeca\/wp-content\/uploads\/2026\/02\/CONVOCATORIA-FORO-DE-DISCUSION-2026.pdf\" type=\"application\/pdf\" style=\"width:100%;height:600px\" aria-label=\"Incrustado de CONVOCATORIA FORO DE DISCUSIO\u0301N 2026.\"><\/object><a id=\"wp-block-file--media-52132dd9-4c62-4375-b75b-0c8696125f20\" href=\"https:\/\/congresos.ujat.mx\/foroanfeca\/wp-content\/uploads\/2026\/02\/CONVOCATORIA-FORO-DE-DISCUSION-2026.pdf\">CONVOCATORIA FORO DE DISCUSIO\u0301N 2026<\/a><a href=\"https:\/\/congresos.ujat.mx\/foroanfeca\/wp-content\/uploads\/2026\/02\/CONVOCATORIA-FORO-DE-DISCUSION-2026.pdf\" class=\"wp-block-file__button wp-element-button\" download aria-describedby=\"wp-block-file--media-52132dd9-4c62-4375-b75b-0c8696125f20\">Descarga<\/a><\/div>\n","protected":false},"excerpt":{"rendered":"<p>La Asociaci\u00f3n Nacional de Facultades y Escuelas de Contadur\u00eda y Administraci\u00f3n, A.C. a trav\u00e9s de la Coordinaci\u00f3n Nacional de la Academia ANFECA.<\/p>\n","protected":false},"author":1,"featured_media":0,"parent":0,"menu_order":0,"comment_status":"closed","ping_status":"open","template":"","meta":{"footnotes":""},"class_list":["post-2","page","type-page","status-publish","hentry"],"_links":{"self":[{"href":"https:\/\/congresos.ujat.mx\/foroanfeca\/wp-json\/wp\/v2\/pages\/2","targetHints":{"allow":["GET"]}}],"collection":[{"href":"https:\/\/congresos.ujat.mx\/foroanfeca\/wp-json\/wp\/v2\/pages"}],"about":[{"href":"https:\/\/congresos.ujat.mx\/foroanfeca\/wp-json\/wp\/v2\/types\/page"}],"author":[{"embeddable":true,"href":"https:\/\/congresos.ujat.mx\/foroanfeca\/wp-json\/wp\/v2\/users\/1"}],"replies":[{"embeddable":true,"href":"https:\/\/congresos.ujat.mx\/foroanfeca\/wp-json\/wp\/v2\/comments?post=2"}],"version-history":[{"count":14,"href":"https:\/\/congresos.ujat.mx\/foroanfeca\/wp-json\/wp\/v2\/pages\/2\/revisions"}],"predecessor-version":[{"id":67,"href":"https:\/\/congresos.ujat.mx\/foroanfeca\/wp-json\/wp\/v2\/pages\/2\/revisions\/67"}],"wp:attachment":[{"href":"https:\/\/congresos.ujat.mx\/foroanfeca\/wp-json\/wp\/v2\/media?parent=2"}],"curies":[{"name":"wp","href":"https:\/\/api.w.org\/{rel}","templated":true}]}}