{"id":109,"date":"2026-05-13T17:11:00","date_gmt":"2026-05-13T17:11:00","guid":{"rendered":"https:\/\/congresos.ujat.mx\/foroanfeca\/?page_id=109"},"modified":"2026-05-13T19:30:12","modified_gmt":"2026-05-13T19:30:12","slug":"constancias","status":"publish","type":"page","link":"https:\/\/congresos.ujat.mx\/foroanfeca\/constancias\/","title":{"rendered":"constancias"},"content":{"rendered":"\n<div class=\"wpforo-content\" style=\"width:100%\">\n    <h1 id=\"wpforo-title\" style=\"margin-bottom: 20px;\">\n        Buscador de Constancias del 17vo. Foro Virtual de Discusi\u00f3n Foro Virtual de Discusi\u00f3n\n        \n    <\/h1>\n\n    <!-- BUSCADOR -->\n    <div id=\"buscador-constancias\" style=\"background: #ffffff; padding: 25px; border-radius: 10px; border: 2px solid #5bc2ce; margin: 20px 0; font-family: 'Open Sans', sans-serif; box-shadow: 0 4px 6px rgba(0,0,0,0.1); clear: both;\">\n        <p style=\"color: #666; font-weight: bold; margin-bottom: 10px;\">Seleccione el m\u00e9todo de b\u00fasqueda:<\/p>\n        \n        <div style=\"margin-bottom: 15px;\">\n            <label style=\"margin-right: 20px; cursor: pointer; font-size: 14px; color: #333;\">\n                <input type=\"radio\" name=\"filtro\" value=\"folio\" checked onclick=\"cambiarPlaceholder('EJEMPLO:FANFECA26001...')\"> Por Folio de registro\n            <\/label>\n            <label style=\"cursor: pointer; font-size: 14px; color: #333;\">\n                <input type=\"radio\" name=\"filtro\" value=\"nombre\" onclick=\"cambiarPlaceholder('EJEMPLO: DEISY MAR\u00cdA JER\u00d3NIMO JIM\u00c9NEZ...')\"> Por Nombre completo\n            <\/label>\n        <\/div>\n\n        <div style=\"display: flex; gap: 10px; flex-wrap: wrap;\">\n            <input type=\"text\" id=\"inputBusqueda\" placeholder=\"EJEMPLO: FANFECA26001...\" style=\"flex-grow: 1; min-width: 200px; padding: 12px; border: 1px solid #ccc; border-radius: 5px; font-size: 16px;\">\n            <button onclick=\"buscarConstancia()\" style=\"background-color: #5bc2ce; color: white; border: none; padding: 12px 25px; border-radius: 5px; cursor: pointer; font-weight: bold;\">\n                BUSCAR\n            <\/button>\n        <\/div>\n\n        <div id=\"resultadoBusqueda\" style=\"margin-top: 20px;\"><\/div>\n    <\/div>\n\n    <script>\n        const constancias = [\n                    { folio: \"FANFECA26001\", nombre: \"GUSTAVO ARMANDO RODR\u00cdGUEZ MEDINA\", link: \"https:\/\/drive.google.com\/file\/d\/1J767O_SXBblhbckmEiKUA-P1luYCBqzJ\/view?usp=drivesdk\" },\n    { folio: \"FANFECA26002\", nombre: \"DEISY MAR\u00cdA JER\u00d3NIMO JIM\u00c9NEZ\", link: \"https:\/\/drive.google.com\/file\/d\/1C0rRl8SJsvx0O_660qzBy1lGmfVfJbCu\/view?usp=drivesdk\" },\n    { folio: \"FANFECA26003\", nombre: \"MARIA DEL CARMEN NAVARRETE TORRES\", link: \"https:\/\/drive.google.com\/file\/d\/1d8SM0pOm4xww2VDOSlsRub2HRfb4DQdw\/view?usp=drivesdk\" },\n    { folio: \"FANFECA26004\", nombre: \"LAURA GALLEGOS SANDOVAL\", link: \"https:\/\/drive.google.com\/file\/d\/1MJBYB6kIxnsPG3df6GqDhlKGGH1YpocE\/view?usp=drivesdk\" },\n    { folio: \"FANFECA26005\", nombre: \"CALEB GUTI\u00c9RREZ MORENO\", link: \"https:\/\/drive.google.com\/file\/d\/1fzFKApasSO59fT5Q54vgQjvRTco2iZ9h\/view?usp=drivesdk\" },\n    { folio: \"FANFECA26006\", nombre: \"CESAR EDUARDO AVI\u00d1A BERUMEN\", link: \"https:\/\/drive.google.com\/file\/d\/1sJM02rDnvxXy52smk-UTPp3p2RYZlnZK\/view?usp=drivesdk\" },\n    { folio: \"FANFECA26007\", nombre: \"ALEJANDRA GUZM\u00c1N CAMPOS\", link: \"https:\/\/drive.google.com\/file\/d\/1FbeLKslSRJXT6eYfaxQdRyza0mjqCSCK\/view?usp=drivesdk\" },\n    { folio: \"FANFECA26008\", nombre: \"MARINA P\u00c9REZ CANO\", link: \"https:\/\/drive.google.com\/file\/d\/1vg5CSK9mzjexqynYmd_Yl1Jwhmxkp0Nm\/view?usp=drivesdk\" },\n    { folio: \"FANFECA26009\", nombre: \"GILDA MARIA BERTTOLINI D\u00cdAZ\", link: \"https:\/\/drive.google.com\/file\/d\/1C4XNnWPqcdg24hJqJ6z-8uYiPpQhmryf\/view?usp=drivesdk\" },\n    { folio: \"FANFECA26010\", nombre: \"HUGO IRETA L\u00d3PEZ\", link: \"https:\/\/drive.google.com\/file\/d\/1mdcTn6aYE3X7RgNT_st4ou6ykmig17Yi\/view?usp=drivesdk\" },\n    { folio: \"FANFECA26011\", nombre: \"RAM\u00d3N HERN\u00c1NDEZ CARBALLO\", link: \"https:\/\/drive.google.com\/file\/d\/1Kzn_tiYHUkSYCf76mzSf6xXvg9dc9yZM\/view?usp=drivesdk\" },\n    { folio: \"FANFECA26012\", nombre: \"YARICEL PEREZ BAEZ\", link: \"https:\/\/drive.google.com\/file\/d\/1k2OJ7CojdlAi_nv58tHKPap4Wz9lRgAb\/view?usp=drivesdk\" },\n    { folio: \"FANFECA26013\", nombre: \"CARISLEIDY HERN\u00c1NDEZ HERN\u00c1NDEZ\", link: \"https:\/\/drive.google.com\/file\/d\/1rf4-zaO6rxDKnG4SjN72ENv6-gfguf3a\/view?usp=drivesdk\" },\n    { folio: \"FANFECA26014\", nombre: \"LAURA ELENA FRIOL REYES\", link: \"https:\/\/drive.google.com\/file\/d\/1Js8G64dzMEVlGaacdrN4dBbJZpqNjPDf\/view?usp=drivesdk\" },\n    { folio: \"FANFECA26015\", nombre: \"OCTAVIO TAMAYO V\u00c1ZQUEZ\", link: \"https:\/\/drive.google.com\/file\/d\/1UhUxyyPyEt14FnwpW2-0rzwCqgFBhKNI\/view?usp=drivesdk\" },\n    { folio: \"FANFECA26016\", nombre: \"WILLIAM BALDEMAR LOPEZ RODRIGUEZ\", link: \"https:\/\/drive.google.com\/file\/d\/1HDjSKwIHK5cnhmBKm-vuw2JkiZkre3FL\/view?usp=drivesdk\" },\n    { folio: \"FANFECA26017\", nombre: \"MAR\u00cdA MAGDALENA MADRIGAL LOZANO\", link: \"https:\/\/drive.google.com\/file\/d\/17nusHF4kjY_RUx_exYD3JHe96zaTcORX\/view?usp=drivesdk\" },\n    { folio: \"FANFECA26018\", nombre: \"CHRISTIAN YDETTE CABRA VIDAL\", link: \"https:\/\/drive.google.com\/file\/d\/1XnQXCVol35Ox6zYwZUVXyiwPjTlh5rDh\/view?usp=drivesdk\" },\n    { folio: \"FANFECA26019\", nombre: \"JOS\u00c9 FILEM\u00d3N MONDRAG\u00d3N DOM\u00cdNGUEZ\", link: \"https:\/\/drive.google.com\/file\/d\/1Srb8DBi7-xaXv1T0QJSnSCG0pUrVMgMF\/view?usp=drivesdk\" },\n    { folio: \"FANFECA26020\", nombre: \"MAGDA LILLAL\u00cd REND\u00d3N GARC\u00cdA\", link: \"https:\/\/drive.google.com\/file\/d\/1BZe2f8YneJG-tK5ouO3ijTzV3QRuHyN1\/view?usp=drivesdk\" },\n    { folio: \"FANFECA26021\", nombre: \"NANCY ELIZABETH P\u00c9REZ CASTA\u00d1EDA\", link: \"https:\/\/drive.google.com\/file\/d\/1J-oggV8cGFZaeuss7hjU8i5dU_AbIM3m\/view?usp=drivesdk\" },\n    { folio: \"FANFECA26022\", nombre: \"CHRISTIAN URIEL JUAREZ ISARIO\", link: \"https:\/\/drive.google.com\/file\/d\/1AVSeg2XvraE9mwbzoNkrBjgRiV79VTU4\/view?usp=drivesdk\" },\n    { folio: \"FANFECA26023\", nombre: \"BLANCA ELIZABETH JIM\u00c9NEZ CRUZ\", link: \"https:\/\/drive.google.com\/file\/d\/1CTbZ4I8Wx2z_SAQX7x3no8xMkK9uqwui\/view?usp=drivesdk\" },\n    { folio: \"FANFECA26024\", nombre: \"ALEJANDRO MUSTIELES OCA\u00d1A\", link: \"https:\/\/drive.google.com\/file\/d\/1e9uaROMLWBasEJam68kj0OYEonYbck8U\/view?usp=drivesdk\" },\n    { folio: \"FANFECA26025\", nombre: \"ABIGAIL VEL\u00c1ZQUEZ MART\u00cdNEZ\", link: \"https:\/\/drive.google.com\/file\/d\/1Vg6GERafeoYzsyfSvMgTdz0-GGBXUykz\/view?usp=drivesdk\" },\n    { folio: \"FANFECA26026\", nombre: \"ABIGAIL VEL\u00c1ZQUEZ MART\u00cdNEZ\", link: \"https:\/\/drive.google.com\/file\/d\/1hqnR9g-Z51ebd64FIytBocwCRW6L8K71\/view?usp=drivesdk\" },\n    { folio: \"FANFECA26027\", nombre: \"OMAR CH\u00c1VEZ GUERRERO\", link: \"https:\/\/drive.google.com\/file\/d\/1vxgh75zxmomwnjDinyt4t_Lv-dBV1X9P\/view?usp=drivesdk\" },\n    { folio: \"FANFECA26028\", nombre: \"ALFONSO MANUEL AGUILAR GUEVARA\", link: \"https:\/\/drive.google.com\/file\/d\/1Oykl5fcVRb4WS7Hh47d0NAaKnIG2lB_X\/view?usp=drivesdk\" },\n    { folio: \"FANFECA26029\", nombre: \"NORMA LAURA ASCENCIO VILLALOBOS\", link: \"https:\/\/drive.google.com\/file\/d\/1ZfeVma4yM3Uiv1rt3onLRsL6GLtCJdqp\/view?usp=drivesdk\" },\n    { folio: \"FANFECA26030\", nombre: \"ALFREDO ALDANA SANCHEZ\", link: \"https:\/\/drive.google.com\/file\/d\/1WfYo7j78SUWcW67bttwvNM6kOzomeSBB\/view?usp=drivesdk\" },\n    { folio: \"FANFECA26031\", nombre: \"NORMA ANGELICA FLORES VAZQUEZ\", link: \"https:\/\/drive.google.com\/file\/d\/1f8fwGJrQprowud1zbzj8NNo-dhtiT1oP\/view?usp=drivesdk\" },\n    { folio: \"FANFECA26032\", nombre: \"JUDITH IVONNE CASILLAS ISHIKAWA\", link: \"https:\/\/drive.google.com\/file\/d\/17xYsr2pUFrp5UjMmjyyNimprdzs-b0cr\/view?usp=drivesdk\" },\n    { folio: \"FANFECA26033\", nombre: \"MA. GUADALUPE BOTELLO URIBE\", link: \"https:\/\/drive.google.com\/file\/d\/1c_uVxJHsLSXqHjrxVCS09SyXm94LCdFp\/view?usp=drivesdk\" },\n    { folio: \"FANFECA26034\", nombre: \"AYDE AMORES MOYA\", link: \"https:\/\/drive.google.com\/file\/d\/1mqYXETYIREphay6nZ4YE44wMgdnrHOcR\/view?usp=drivesdk\" },\n    { folio: \"FANFECA26035\", nombre: \"HILARIA NU\u00d1EZ MENDOZA\", link: \"https:\/\/drive.google.com\/file\/d\/1SpS4e27e-psx8MswuEsIOm4djGKLH-7i\/view?usp=drivesdk\" },\n    { folio: \"FANFECA26036\", nombre: \"GIACOMO CH\u00c1VEZ ROMERO\", link: \"https:\/\/drive.google.com\/file\/d\/1ikaUb1b9koqSnsuM00f6jZmSFkMj4Egb\/view?usp=drivesdk\" },\n    { folio: \"FANFECA26037\", nombre: \"JOEL SU\u00c1REZ ESTRADA\", link: \"https:\/\/drive.google.com\/file\/d\/1IL1WfNdELyQ_oyPyy03xX68ltHK0KldK\/view?usp=drivesdk\" },\n    { folio: \"FANFECA26038\", nombre: \"JEANETTE KARINA L\u00d3PEZ ALANIS\", link: \"https:\/\/drive.google.com\/file\/d\/1Ro7KKjwGKq_kGFsj7u8PyoqpPHQ1_P9Y\/view?usp=drivesdk\" },\n    { folio: \"FANFECA26039\", nombre: \"MAYTE RODR\u00cdGUEZ CISNEROS\", link: \"https:\/\/drive.google.com\/file\/d\/1UlWMXfqWak3gTcarYGpV1yAP8NOVMC-3\/view?usp=drivesdk\" },\n    { folio: \"FANFECA26040\", nombre: \"IRMA LOZADA RINC\u00d3N\", link: \"https:\/\/drive.google.com\/file\/d\/1NbmrWRuSJS0aQuvMda3XVO_eO_r0ACFc\/view?usp=drivesdk\" },\n    { folio: \"FANFECA26041\", nombre: \"RICARDO OSORIO G\u00d3MEZ\", link: \"https:\/\/drive.google.com\/file\/d\/1TtjLhYvicdjmdKmDfq6mIXlaPxw7LhYq\/view?usp=drivesdk\" },\n    { folio: \"FANFECA26042\", nombre: \"MARTHA PATRICIA ESPINOSA VEL\u00c1ZQUEZ\", link: \"https:\/\/drive.google.com\/file\/d\/1xFh-aTKKKnkwx-abYTZFSDmyUjuRQjmG\/view?usp=drivesdk\" },\n    { folio: \"FANFECA26043\", nombre: \"RUTH V\u00c1ZQUEZ LIMA\", link: \"https:\/\/drive.google.com\/file\/d\/1zmTuJpQrQp_GnMwSnK-u9iloGFyiouw8\/view?usp=drivesdk\" },\n    { folio: \"FANFECA26044\", nombre: \"DR. LUIS ENRIQUE HERNANDEZ DORADO\", link: \"https:\/\/drive.google.com\/file\/d\/11TH-aZGtFNBN8M3zx9tFA9zu6LAB1XFa\/view?usp=drivesdk\" },\n    { folio: \"FANFECA26045\", nombre: \"DRA. CANDELARIA V\u00c0ZQUEZ RAMOS\", link: \"https:\/\/drive.google.com\/file\/d\/1ecjuSHb3t53GARSsvZdh2yN2RXLta97l\/view?usp=drivesdk\" },\n    { folio: \"FANFECA26046\", nombre: \"CLAUDIA VARA L\u00d3PEZ\", link: \"https:\/\/drive.google.com\/file\/d\/1dkpNd91qaa5gniff4ZcZwAcQcWoDLOnk\/view?usp=drivesdk\" },\n    { folio: \"FANFECA26047\", nombre: \"JOSE RAMON VARGAS ALVAREZ\", link: \"https:\/\/drive.google.com\/file\/d\/1IFdQoj1JaEZGbuOTBbhXpwlLj6EyePPo\/view?usp=drivesdk\" },\n    { folio: \"FANFECA26048\", nombre: \"GIANNINA SAMPIERI LAGUNA\", link: \"https:\/\/drive.google.com\/file\/d\/1d9oqAMcOHGvk7gzCfcWQeLLZ-gXKjTP4\/view?usp=drivesdk\" },\n    { folio: \"FANFECA26049\", nombre: \"LUZ DEL CARMEN MOR\u00c1N BRAVO\", link: \"https:\/\/drive.google.com\/file\/d\/1z6kuV6A6HBmOR98rQ8ghCL6xEMGOES78\/view?usp=drivesdk\" },\n    { folio: \"FANFECA26050\", nombre: \"ALBERTO JORGE BARONA OMA\u00d1A\", link: \"https:\/\/drive.google.com\/file\/d\/1PJHZab6cwRHW_-eoZ9h_r8-CwKzKK1Lg\/view?usp=drivesdk\" },\n    { folio: \"FANFECA26051\", nombre: \"FERNANDO DAMIAN SILVA\", link: \"https:\/\/drive.google.com\/file\/d\/1I5dOZPISVh9riFi3e_RpvtskmIx-SXkV\/view?usp=drivesdk\" },\n    { folio: \"FANFECA26052\", nombre: \"PILAR PATRICIA JIMENEZ LOZANO\", link: \"https:\/\/drive.google.com\/file\/d\/1xdEmdXx-9Gi7DZjdjNCuS9Zj0mZHVCmr\/view?usp=drivesdk\" },\n    { folio: \"FANFECA26053\", nombre: \"GABRIELA RIVERA REYES\", link: \"https:\/\/drive.google.com\/file\/d\/1Cvz6BINQwvlF_eT4haieh4qN9miaAMXu\/view?usp=drivesdk\" },\n    { folio: \"FANFECA26054\", nombre: \"MOIS\u00c9S ALEJANDRO C\u00d3RDOVA RAMOS\", link: \"https:\/\/drive.google.com\/file\/d\/1SINT54RwEWEm8AekTjL-WvI5f4rNxB0M\/view?usp=drivesdk\" },\n    { folio: \"FANFECA26055\", nombre: \"M\u00d3NICA LETICIA ACOSTA MIRANDA\", link: \"https:\/\/drive.google.com\/file\/d\/1C87vS7NhEhtpnrrgKWvqip5IIJg3fQWN\/view?usp=drivesdk\" },\n    { folio: \"FANFECA26056\", nombre: \"VERENICE TRUJILLO ALBARRAN\", link: \"https:\/\/drive.google.com\/file\/d\/1K368St4VzWT5CMT9qaUyb_6XRQ1PIVgw\/view?usp=drivesdk\" },\n    { folio: \"FANFECA26057\", nombre: \"VERENICE TRUJILLO ALBARRAN\", link: \"https:\/\/drive.google.com\/file\/d\/1Rsz70BbNLWkWpoWgHmrXWfaJtQIv6qoz\/view?usp=drivesdk\" },\n    { folio: \"FANFECA26058\", nombre: \"BENITO RIVERA RODR\u00cdGUEZ\", link: \"https:\/\/drive.google.com\/file\/d\/1phfo_EUtqBogqyVCOxV2h6hgLA-2zpaX\/view?usp=drivesdk\" },\n    { folio: \"FANFECA26059\", nombre: \"LUIS RUBEN MARTINEZ ORTEGA\", link: \"https:\/\/drive.google.com\/file\/d\/1F7fhKH14_Rodu3LM-S44Aq7U7H5K1c3k\/view?usp=drivesdk\" },\n    { folio: \"FANFECA26060\", nombre: \"CARLOS MAT\u00cdAS ARMAS\", link: \"https:\/\/drive.google.com\/file\/d\/1qURndtHqydvfyerkXNRQHg5QFxdt7Nei\/view?usp=drivesdk\" },\n    { folio: \"FANFECA26061\", nombre: \"GABRIEL MALDONADO G\u00d3MEZ\", link: \"https:\/\/drive.google.com\/file\/d\/1z0fd5Ali_tCYPjZqW7xEyeSqQ-vumN-m\/view?usp=drivesdk\" },\n    { folio: \"FANFECA26062\", nombre: \"LILIANA ELIZABETH MART\u00cdNEZ FLORES\", link: \"https:\/\/drive.google.com\/file\/d\/1yk9x1cMYgweLPIe_cWx1j2S8vH9apgbI\/view?usp=drivesdk\" },\n    { folio: \"FANFECA26063\", nombre: \"JER\u00d3NIMO MART\u00cdNEZ FLORES\", link: \"https:\/\/drive.google.com\/file\/d\/1704rTM_4bKozF0bjFj64hAZEXHwqCwgy\/view?usp=drivesdk\" },\n    { folio: \"FANFECA26064\", nombre: \"JOSE MANUEL MENESES DOMINGO\", link: \"https:\/\/drive.google.com\/file\/d\/1xo7iDldUBWHaZlTQIvYtllQp3CAlzgNK\/view?usp=drivesdk\" },\n    { folio: \"FANFECA26065\", nombre: \"ESTHER MORALES PRIEGO\", link: \"https:\/\/drive.google.com\/file\/d\/1avokS7rbcgUfulc8yrJ9yE4m8U_wi_73\/view?usp=drivesdk\" },\n    { folio: \"FANFECA26066\", nombre: \"PRISCILLA NARVAEZ CABRERA\", link: \"https:\/\/drive.google.com\/file\/d\/1Acz6Xw6vWO6QrOE2-R51dVXxZYM36ooq\/view?usp=drivesdk\" },\n    { folio: \"FANFECA26067\", nombre: \"ENRIQUE ABRAHAM URESTI TREVI\u00d1O\", link: \"https:\/\/drive.google.com\/file\/d\/18zC0k-OxWU_ReHd7Qxo5l00amHExo7Rh\/view?usp=drivesdk\" },\n    { folio: \"FANFECA26068\", nombre: \"PRISCILLA NARV\u00c1EZ CABRERA\", link: \"https:\/\/drive.google.com\/file\/d\/1m5BWh7GJGVFmsuVXz_7C9TvhCI_ccSpz\/view?usp=drivesdk\" },\n    { folio: \"FANFECA26069\", nombre: \"ENRIQUE ABRAHAM URESTI TREVI\u00d1O\", link: \"https:\/\/drive.google.com\/file\/d\/15_KZJhiY6awZgoX-ZHKtgxqk4u6l65M3\/view?usp=drivesdk\" },\n    { folio: \"FANFECA26070\", nombre: \"IRASEMA PATI\u00d1O RODRIGUEZ\", link: \"https:\/\/drive.google.com\/file\/d\/1Nz5jhiKdkcKWhACWlE9bA7Dcpzz83v7A\/view?usp=drivesdk\" },\n    { folio: \"FANFECA26071\", nombre: \"NATHYELI EDITH MARTINEZ FLORES\", link: \"https:\/\/drive.google.com\/file\/d\/1GAgOGCz-OpTJeA5gjrYBJej8sTVM9nzN\/view?usp=drivesdk\" },\n    { folio: \"FANFECA26072\", nombre: \"SINUHE CARLOS GUARDADO LOPEZ\", link: \"https:\/\/drive.google.com\/file\/d\/1iLOmwjbaoj7oXQ8pjBcfnTMhS9c6MYgm\/view?usp=drivesdk\" },\n    { folio: \"FANFECA26073\", nombre: \"JOS\u00c9 SANTIAGO GUERRERO MART\u00cdNEZ\", link: \"https:\/\/drive.google.com\/file\/d\/1Rr28B7GTFcLCsOSN0L9hoTntNlfGmquq\/view?usp=drivesdk\" },\n    { folio: \"FANFECA26074\", nombre: \"ANA LILIA LUNA GARCIA\", link: \"https:\/\/drive.google.com\/file\/d\/17UMRhiPuwAZJ2Oz-HSK_RVEVnVT6d_5H\/view?usp=drivesdk\" },\n    { folio: \"FANFECA26075\", nombre: \"ERNESTINO RODRIGUEZ REYES\", link: \"https:\/\/drive.google.com\/file\/d\/1tcp0g6aEFeITKgnNtfWZwIb6af6O-aws\/view?usp=drivesdk\" },\n    { folio: \"FANFECA26076\", nombre: \"JESSICA GUADALUPE ACU\u00d1A PAREDES\", link: \"https:\/\/drive.google.com\/file\/d\/1Ivb6Xc3fLy0qZrhlsi7-UgRKnvj0st9U\/view?usp=drivesdk\" },\n    { folio: \"FANFECA26077\", nombre: \"MAT\u00cdAS VARGAS URBINA\", link: \"https:\/\/drive.google.com\/file\/d\/1W5v7d_QBMpGJ4Rb-Ys50XDIYk4SR_3RP\/view?usp=drivesdk\" },\n    { folio: \"FANFECA26078\", nombre: \"CLAUDIA LARA RAMIREZ\", link: \"https:\/\/drive.google.com\/file\/d\/1xw-KwzVmypttY4ALdV-QyVXNhdhesjTx\/view?usp=drivesdk\" },\n    { folio: \"FANFECA26079\", nombre: \"RENATA MARIA ELENA HERNANDEZ VALENCIA\", link: \"https:\/\/drive.google.com\/file\/d\/1ju3LlwBOkhNSU_SEqn5ZjeCzZjiE649A\/view?usp=drivesdk\" },\n    { folio: \"FANFECA26080\", nombre: \"ARTURO MORA HERN\u00c1NDEZ\", link: \"https:\/\/drive.google.com\/file\/d\/1aP-O83Q3HMnUmXrS2xS2AdKrI1hcuj7a\/view?usp=drivesdk\" },\n    { folio: \"FANFECA26081\", nombre: \"ILSE ALEXANDRA QUEVEDO P\u00c9REZ\", link: \"https:\/\/drive.google.com\/file\/d\/1N_qTjEnM6oxyioNyN_R3btU8MXwwCmQj\/view?usp=drivesdk\" },\n    { folio: \"FANFECA26082\", nombre: \"GABRIEL ADRIAN VAZQUEZ VALERIO\", link: \"https:\/\/drive.google.com\/file\/d\/10Yoy2-s9KCV53VHJhddc4li_-8UmAa0y\/view?usp=drivesdk\" },\n    { folio: \"FANFECA26083\", nombre: \"ERIKA MARIA PECINA RIVAS\", link: \"https:\/\/drive.google.com\/file\/d\/1E81L8tkMvhetH5PU9P2SZeG-DNtKKL-H\/view?usp=drivesdk\" },\n    { folio: \"FANFECA26084\", nombre: \"MAR\u00cdA GUADALUPE CRUZ GARC\u00cdA\", link: \"https:\/\/drive.google.com\/file\/d\/1Cal_theqXkmwhVUssYWLseLFmYNBIpIa\/view?usp=drivesdk\" },\n    { folio: \"FANFECA26085\", nombre: \"LEYDI MENDEZ MAGA\u00d1A\", link: \"https:\/\/drive.google.com\/file\/d\/1svsgDs2XqvMt8j4TBNwUszwRA6Ul6Xsv\/view?usp=drivesdk\" },\n    { folio: \"FANFECA26086\", nombre: \"TERESITA HERNANDEZ TERCERO\", link: \"https:\/\/drive.google.com\/file\/d\/1UQFZ-IJlACuz8v4bTmMYE87RVeWpTdqO\/view?usp=drivesdk\" },\n    { folio: \"FANFECA26087\", nombre: \"RAQUEL LOPEZ GARCIA\", link: \"https:\/\/drive.google.com\/file\/d\/1TX6YzLuNgvW258h1XejWoxpO7-ExR0kr\/view?usp=drivesdk\" },\n        ];\n\n        function cambiarPlaceholder(texto) {\n            document.getElementById('inputBusqueda').placeholder = texto;\n            document.getElementById('inputBusqueda').value = \"\";\n            document.getElementById('resultadoBusqueda').innerHTML = \"\";\n        }\n\n        function buscarConstancia() {\n            const query = document.getElementById('inputBusqueda').value.toUpperCase().trim();\n            const filtro = document.querySelector('input[name=\"filtro\"]:checked').value;\n            const areaResultado = document.getElementById('resultadoBusqueda');\n            \n            if (query === \"\") {\n                areaResultado.innerHTML = \"<p style='color: #d9534f;'>Por favor, ingrese un t\u00e9rmino.<\/p>\";\n                return;\n            }\n\n            const encontrado = constancias.find(c => {\n                if (filtro === \"folio\") return c.folio.toUpperCase() === query;\n                if (filtro === \"nombre\") return c.nombre.toUpperCase().includes(query);\n            });\n\n            if (encontrado) {\n                areaResultado.innerHTML = `\n                    <div style=\"background: #f0fbfc; padding: 15px; border-radius: 8px; border: 1px solid #5bc2ce;\">\n                        <p style=\"margin:0;\"><strong>Participante:<\/strong> ${encontrado.nombre}<\/p>\n                        <p style=\"margin:5px 0;\"><strong>Folio:<\/strong> ${encontrado.folio}<\/p>\n                        <a href=\"${encontrado.link}\" target=\"_blank\" style=\"display: inline-block; background: #333; color: #fff; text-decoration: none; padding: 8px 15px; border-radius: 5px; margin-top: 10px;\">DESCARGAR PDF<\/a>\n                    <\/div>`;\n            } else {\n                areaResultado.innerHTML = \"<p style='color: #666;'>No se encontraron resultados.<\/p>\";\n            }\n        }\n    <\/script>\n<\/div>\n\n\n\n\n\n<p><\/p>\n\n\n\n<p><\/p>\n\n\n\n<p><\/p>\n\n\n\n<p><\/p>\n\n\n\n<p><\/p>\n\n\n\n<p><\/p>\n\n\n\n<p><\/p>\n\n\n\n<p><\/p>\n\n\n\n<p><\/p>\n\n\n\n<p><\/p>\n\n\n\n<p><\/p>\n\n\n\n<p><\/p>\n\n\n\n<p><\/p>\n\n\n\n<p><\/p>\n","protected":false},"excerpt":{"rendered":"<p>Buscador de Constancias del 17vo. Foro Virtual de Discusi\u00f3n Foro Virtual de Discusi\u00f3n Seleccione el m\u00e9todo de b\u00fasqueda: Por Folio de registro Por Nombre completo BUSCAR<\/p>\n","protected":false},"author":1,"featured_media":0,"parent":0,"menu_order":0,"comment_status":"closed","ping_status":"closed","template":"","meta":{"footnotes":""},"class_list":["post-109","page","type-page","status-publish","hentry"],"_links":{"self":[{"href":"https:\/\/congresos.ujat.mx\/foroanfeca\/wp-json\/wp\/v2\/pages\/109","targetHints":{"allow":["GET"]}}],"collection":[{"href":"https:\/\/congresos.ujat.mx\/foroanfeca\/wp-json\/wp\/v2\/pages"}],"about":[{"href":"https:\/\/congresos.ujat.mx\/foroanfeca\/wp-json\/wp\/v2\/types\/page"}],"author":[{"embeddable":true,"href":"https:\/\/congresos.ujat.mx\/foroanfeca\/wp-json\/wp\/v2\/users\/1"}],"replies":[{"embeddable":true,"href":"https:\/\/congresos.ujat.mx\/foroanfeca\/wp-json\/wp\/v2\/comments?post=109"}],"version-history":[{"count":10,"href":"https:\/\/congresos.ujat.mx\/foroanfeca\/wp-json\/wp\/v2\/pages\/109\/revisions"}],"predecessor-version":[{"id":125,"href":"https:\/\/congresos.ujat.mx\/foroanfeca\/wp-json\/wp\/v2\/pages\/109\/revisions\/125"}],"wp:attachment":[{"href":"https:\/\/congresos.ujat.mx\/foroanfeca\/wp-json\/wp\/v2\/media?parent=109"}],"curies":[{"name":"wp","href":"https:\/\/api.w.org\/{rel}","templated":true}]}}