{"id":11,"date":"2025-09-01T22:45:39","date_gmt":"2025-09-01T22:45:39","guid":{"rendered":"https:\/\/congresos.ujat.mx\/dacb\/?page_id=11"},"modified":"2025-09-01T23:05:53","modified_gmt":"2025-09-01T23:05:53","slug":"presentacion-de-carteles","status":"publish","type":"page","link":"https:\/\/congresos.ujat.mx\/dacb\/presentacion-de-carteles\/","title":{"rendered":"Presentaci\u00f3n de carteles"},"content":{"rendered":"\n<figure class=\"wp-block-image size-full\"><img loading=\"lazy\" decoding=\"async\" width=\"800\" height=\"533\" src=\"https:\/\/congresos.ujat.mx\/dacb\/wp-content\/uploads\/2025\/09\/vision-edited.jpg\" alt=\"\" class=\"wp-image-12\" srcset=\"https:\/\/congresos.ujat.mx\/dacb\/wp-content\/uploads\/2025\/09\/vision-edited.jpg 800w, https:\/\/congresos.ujat.mx\/dacb\/wp-content\/uploads\/2025\/09\/vision-edited-300x200.jpg 300w, https:\/\/congresos.ujat.mx\/dacb\/wp-content\/uploads\/2025\/09\/vision-edited-768x512.jpg 768w\" sizes=\"auto, (max-width: 800px) 100vw, 800px\" \/><\/figure>\n\n\n\n<p>A la Comunidad Universitaria y P\u00fablico en General a participar en la exposici\u00f3n de Carteles como parte de las actividades del Foro Internacional Visi\u00f3n Digital 2025 (FIVD 2025), que se llevar\u00e1 a cabo del 22 al 24 de septiembre de 2025 en las instalaciones de la UJAT-DACB.<\/p>\n\n\n\n<p><strong>BASES<\/strong><\/p>\n\n\n\n<ol class=\"wp-block-list\">\n<li>EL evento consiste en mostrar los trabajos, avances y desarrollo de proyectos o ideas con base en el procesamiento digital de im\u00e1genes.<\/li>\n<\/ol>\n\n\n\n<ul class=\"wp-block-list\">\n<li>El objetivo es la divulgaci\u00f3n cient\u00edfica del procesamiento digital de im\u00e1genes, debido a lo cual el contenido debe de estar escrito de manera comprensible y con el apoyo de im\u00e1genes y el m\u00ednimo texto necesario.<\/li>\n<\/ul>\n\n\n\n<ul class=\"wp-block-list\">\n<li>El cartel debe de incluir t\u00edtulo, resumen, nombres del autor o autores, instituci\u00f3n y email del primer autor. El registro del cartel se realizar\u00e1 en https:\/\/congresos.ujat.mx\/dacb\/. La fecha l\u00edmite de recepci\u00f3n de solicitudes es el 10 de agosto.<\/li>\n<\/ul>\n\n\n\n<ul class=\"wp-block-list\">\n<li>Los carteles se colocar\u00e1n mamparas en el d\u00eda asignado a partir de las 9:00 a.m, en los pasillos del Museo de Ciencias. Los autores deber\u00e1n de explicar su cartel a un jurado a la hora indicada en el programa.<\/li>\n<\/ul>\n\n\n\n<ul class=\"wp-block-list\">\n<li>Se evaluar\u00e1 la calidad del cartel, el tema, su impacto visual y la exposici\u00f3n oral del mismo por un jurado integrado por organizadores e invitados del FIVD 2024. Su decisi\u00f3n ser\u00e1 inapelable.<\/li>\n<\/ul>\n\n\n\n<ul class=\"wp-block-list\">\n<li>Se entregar\u00e1n reconocimientos a los mejores carteles y una constancia de participaci\u00f3n, con los nombres de los autores considerados en el registro.<\/li>\n<\/ul>\n\n\n\n<p><strong>Atentamente<\/strong><\/p>\n\n\n\n<p>Comit\u00e9 Organizador del concurso de carteles del FIVD 2025<\/p>\n","protected":false},"excerpt":{"rendered":"<p>A la Comunidad Universitaria y P\u00fablico en General a participar en la exposici\u00f3n de Carteles como parte de las actividades del Foro Internacional Visi\u00f3n Digital 2025 (FIVD 2025), que se llevar\u00e1 a cabo del 22 al 24 de septiembre de 2025 en las instalaciones de la UJAT-DACB. BASES Atentamente Comit\u00e9 Organizador del concurso de carteles [&hellip;]<\/p>\n","protected":false},"author":1,"featured_media":0,"parent":0,"menu_order":0,"comment_status":"closed","ping_status":"closed","template":"","meta":{"footnotes":""},"class_list":["post-11","page","type-page","status-publish","hentry"],"_links":{"self":[{"href":"https:\/\/congresos.ujat.mx\/dacb\/wp-json\/wp\/v2\/pages\/11","targetHints":{"allow":["GET"]}}],"collection":[{"href":"https:\/\/congresos.ujat.mx\/dacb\/wp-json\/wp\/v2\/pages"}],"about":[{"href":"https:\/\/congresos.ujat.mx\/dacb\/wp-json\/wp\/v2\/types\/page"}],"author":[{"embeddable":true,"href":"https:\/\/congresos.ujat.mx\/dacb\/wp-json\/wp\/v2\/users\/1"}],"replies":[{"embeddable":true,"href":"https:\/\/congresos.ujat.mx\/dacb\/wp-json\/wp\/v2\/comments?post=11"}],"version-history":[{"count":1,"href":"https:\/\/congresos.ujat.mx\/dacb\/wp-json\/wp\/v2\/pages\/11\/revisions"}],"predecessor-version":[{"id":13,"href":"https:\/\/congresos.ujat.mx\/dacb\/wp-json\/wp\/v2\/pages\/11\/revisions\/13"}],"wp:attachment":[{"href":"https:\/\/congresos.ujat.mx\/dacb\/wp-json\/wp\/v2\/media?parent=11"}],"curies":[{"name":"wp","href":"https:\/\/api.w.org\/{rel}","templated":true}]}}