{"id":2,"date":"2025-09-01T18:52:16","date_gmt":"2025-09-01T18:52:16","guid":{"rendered":"https:\/\/congresos.ujat.mx\/cienciasdelasalud\/?page_id=2"},"modified":"2026-02-13T22:20:37","modified_gmt":"2026-02-13T22:20:37","slug":"pagina-ejemplo","status":"publish","type":"page","link":"https:\/\/congresos.ujat.mx\/cienciasdelasalud\/","title":{"rendered":"Bienvenida"},"content":{"rendered":"\n<figure class=\"wp-block-image size-full\"><img loading=\"lazy\" decoding=\"async\" width=\"1093\" height=\"1600\" src=\"https:\/\/congresos.ujat.mx\/cienciasdelasalud\/wp-content\/uploads\/2026\/02\/Cartel.jpeg\" alt=\"\" class=\"wp-image-101\" srcset=\"https:\/\/congresos.ujat.mx\/cienciasdelasalud\/wp-content\/uploads\/2026\/02\/Cartel.jpeg 1093w, https:\/\/congresos.ujat.mx\/cienciasdelasalud\/wp-content\/uploads\/2026\/02\/Cartel-205x300.jpeg 205w, https:\/\/congresos.ujat.mx\/cienciasdelasalud\/wp-content\/uploads\/2026\/02\/Cartel-700x1024.jpeg 700w, https:\/\/congresos.ujat.mx\/cienciasdelasalud\/wp-content\/uploads\/2026\/02\/Cartel-768x1124.jpeg 768w, https:\/\/congresos.ujat.mx\/cienciasdelasalud\/wp-content\/uploads\/2026\/02\/Cartel-1049x1536.jpeg 1049w\" sizes=\"auto, (max-width: 1093px) 100vw, 1093px\" \/><\/figure>\n\n\n\n<div class=\"wp-block-columns alignwide are-vertically-aligned-top is-layout-flex wp-container-core-columns-is-layout-28f84493 wp-block-columns-is-layout-flex\">\n<div class=\"wp-block-column is-vertically-aligned-top is-layout-flow wp-block-column-is-layout-flow\"><\/div>\n<\/div>\n\n\n\n<h1 class=\"wp-block-heading\">Ejes tem\u00e1ticos<\/h1>\n\n\n\n<figure class=\"wp-block-table is-style-regular\"><table class=\"has-fixed-layout\"><tbody><tr><td>SALUD P\u00daBLICA<\/td><td>ATENCI\u00d3N PRIMARIA<\/td><td>PROMOCI\u00d3N DE LA SALUD<\/td><\/tr><tr><td>EDUCACI\u00d3N EN SALUD<\/td><td>INVESTIGACI\u00d3N BIOM\u00c9DICA<\/td><td>INTERVENCI\u00d3N PSICOSOCIAL<\/td><\/tr><tr><td>ATENCI\u00d3N CL\u00cdNICA M\u00c9DICA<\/td><td>ATENCI\u00d3N CL\u00cdNICA ODONTOL\u00d3GICA<\/td><td>ATENCI\u00d3N CL\u00cdNICA, PSICOL\u00d3GICA Y ATENCI\u00d3N CL\u00cdNICA NUTRICIONAL<\/td><\/tr><tr><td>CUIDADOS DE ENFERMER\u00cdA ATENCI\u00d3N PRIMARIA \/ ESPECIALIZADA<\/td><td><\/td><td><\/td><\/tr><\/tbody><\/table><\/figure>\n\n\n\n<p><\/p>\n","protected":false},"excerpt":{"rendered":"<p>Ejes tem\u00e1ticos SALUD P\u00daBLICA ATENCI\u00d3N PRIMARIA PROMOCI\u00d3N DE LA SALUD EDUCACI\u00d3N EN SALUD INVESTIGACI\u00d3N BIOM\u00c9DICA INTERVENCI\u00d3N PSICOSOCIAL ATENCI\u00d3N CL\u00cdNICA M\u00c9DICA ATENCI\u00d3N CL\u00cdNICA ODONTOL\u00d3GICA ATENCI\u00d3N CL\u00cdNICA, PSICOL\u00d3GICA Y ATENCI\u00d3N CL\u00cdNICA NUTRICIONAL CUIDADOS DE ENFERMER\u00cdA ATENCI\u00d3N PRIMARIA \/ ESPECIALIZADA<\/p>\n","protected":false},"author":1,"featured_media":0,"parent":0,"menu_order":0,"comment_status":"closed","ping_status":"open","template":"","meta":{"footnotes":""},"class_list":["post-2","page","type-page","status-publish","hentry"],"_links":{"self":[{"href":"https:\/\/congresos.ujat.mx\/cienciasdelasalud\/wp-json\/wp\/v2\/pages\/2","targetHints":{"allow":["GET"]}}],"collection":[{"href":"https:\/\/congresos.ujat.mx\/cienciasdelasalud\/wp-json\/wp\/v2\/pages"}],"about":[{"href":"https:\/\/congresos.ujat.mx\/cienciasdelasalud\/wp-json\/wp\/v2\/types\/page"}],"author":[{"embeddable":true,"href":"https:\/\/congresos.ujat.mx\/cienciasdelasalud\/wp-json\/wp\/v2\/users\/1"}],"replies":[{"embeddable":true,"href":"https:\/\/congresos.ujat.mx\/cienciasdelasalud\/wp-json\/wp\/v2\/comments?post=2"}],"version-history":[{"count":14,"href":"https:\/\/congresos.ujat.mx\/cienciasdelasalud\/wp-json\/wp\/v2\/pages\/2\/revisions"}],"predecessor-version":[{"id":102,"href":"https:\/\/congresos.ujat.mx\/cienciasdelasalud\/wp-json\/wp\/v2\/pages\/2\/revisions\/102"}],"wp:attachment":[{"href":"https:\/\/congresos.ujat.mx\/cienciasdelasalud\/wp-json\/wp\/v2\/media?parent=2"}],"curies":[{"name":"wp","href":"https:\/\/api.w.org\/{rel}","templated":true}]}}